{"id":7,"date":"2021-08-19T15:16:01","date_gmt":"2021-08-19T18:16:01","guid":{"rendered":"http:\/\/gastropednatascha.com\/dra\/?page_id=7"},"modified":"2024-10-18T00:30:01","modified_gmt":"2024-10-18T03:30:01","slug":"about","status":"publish","type":"page","link":"https:\/\/gastropednatascha.com\/dra\/index.php\/about\/","title":{"rendered":"Na Web:"},"content":{"rendered":"\n<div class=\"wp-block-cover alignfull is-light\" style=\"min-height:300px;aspect-ratio:unset;\"><span aria-hidden=\"true\" class=\"wp-block-cover__background has-nv-site-bg-background-color has-background-dim-100 has-background-dim\"><\/span><div class=\"wp-block-cover__inner-container is-layout-flow wp-block-cover-is-layout-flow\">\n<div class=\"wp-block-group\"><div class=\"wp-block-group__inner-container is-layout-flow wp-block-group-is-layout-flow\">\n<h1 class=\"wp-block-heading has-text-align-left has-neve-text-color-color has-text-color has-huge-font-size\">Na Web:<\/h1>\n\n\n\n<p class=\"has-neve-link-color-color has-text-color\">Desde de 2021, me tornei colaboradora do site Pedline.org, um portal de informa\u00e7\u00f5es sobre a sa\u00fade de crian\u00e7as e adolescentes, escrevendo textos em uma linguagem acess\u00edvel para pais e cuidadores&nbsp;&nbsp;<a rel=\"noreferrer noopener\" href=\"https:\/\/www.pedline.org.br\/#\/\" target=\"_blank\"><strong>https:\/\/www.pedline.org.br\/#\/<\/strong><\/a>&nbsp;<\/p>\n\n\n\n<p class=\"has-neve-link-color-color has-text-color\">Neste mesmo ano me tornei colunista na Sanarmed&nbsp;<a rel=\"noreferrer noopener\" href=\"https:\/\/www.sanarmed.com\/tags\/colunistas\" target=\"_blank\"><strong>https:\/\/www.sanarmed.com\/tags\/colunistas<\/strong><\/a>&nbsp;produzindo conte\u00fados relevantes e informativos para comunidade m\u00e9dica.&nbsp;<\/p>\n\n\n\n<p class=\"has-neve-link-color-color has-text-color\">Em 2020, com o colega Lucas Rocha Alvarenga e Maria Angela Bellomo Brand\u00e3o, embarcamos na cria\u00e7\u00e3o de um \u201cJournal Club\u201d, com o objetivo de&nbsp;reunir Gastroenterologistas Pedi\u00e1tricos para discuss\u00e3o de Guidelines e Artigos Cient\u00edficos recentes em Gastroenterologia, Hepatologia e Nutri\u00e7\u00e3o Pedi\u00e1trica; e com a proposta de&nbsp;reuni\u00f5es&nbsp;bimensais discuss\u00e3o de 2 publica\u00e7\u00f5es por reuni\u00e3o. O projeto cresceu e virou podcasts e canal do Youtube:&nbsp;<a rel=\"noreferrer noopener\" href=\"https:\/\/linktr.ee\/gastropedtalks\" target=\"_blank\"><strong>https:\/\/linktr.ee\/gastropedtalks<\/strong><\/a> . Esse projeto est\u00e1 a todo vapor!&nbsp;<\/p>\n\n\n\n<p class=\"has-neve-link-color-color has-text-color\">Tamb\u00e9m em&nbsp;2020, apresentei na reuni\u00e3o de Departamento de Pediatria da Faculdade de Ci\u00eancias M\u00e9dicas da Universidade Estadual de Campinas, sobre Clinical Fellow no exterior, compartilhando informa\u00e7\u00f5es com colegas m\u00e9dicos e estudantes de medicina quanto a prepara\u00e7\u00e3o, desafios e perspectivas sobre um Clinical Fellow&nbsp;<a rel=\"noreferrer noopener\" href=\"https:\/\/www.fcm.unicamp.br\/fcm\/departamento-de-pediatria\/palestras-covid-19\/20200722-clinical-fellow-no-exterior-preparacao-desafios-e-perspectivas\" target=\"_blank\"><strong>https:\/\/www.fcm.unicamp.br\/fcm\/departamento-de-pediatria\/palestras-covid-19\/20200722-clinical-fellow-no-exterior-preparacao-desafios-e-perspectivas<\/strong><\/a><\/p>\n\n\n\n<p class=\"has-neve-link-color-color has-text-color\">Em 2018, mat\u00e9ria publicada na pagina da&nbsp;Faculdade de Ci\u00eancias M\u00e9dicas (FCM) da Unicamp, sobre o inicio da nossa (minha e do meu marido) nova etapa na carreira como&nbsp;fellows&nbsp;na Universidade de Toronto.&nbsp;<a rel=\"noreferrer noopener\" href=\"https:\/\/www.fcm.unicamp.br\/fcm\/relacoes-publicas\/saladeimprensa\/egressos-da-residencia-medica-da-fcm-agora-sao-fellows-da-universidade-de-toronto\" target=\"_blank\"><strong>https:\/\/www.fcm.unicamp.br\/fcm\/relacoes-publicas\/saladeimprensa\/egressos-da-residencia-medica-da-fcm-agora-sao-fellows-da-universidade-de-toronto<\/strong><\/a><\/p>\n\n\n\n<p class=\"has-neve-link-color-color has-text-color\">Em 2016, fiz uma entrevista para o site \u201cEstudar aqui\u201d de Estudantes de medicina da USP que querem mostrar casos de sucesso e determina\u00e7\u00e3o que existem na \u201cPinheiros\u201d (Faculdade de Medicina da Universidade de S\u00e3o Paulo) \u2013 fui a segunda entrevistada do site:\u00a0<a href=\"https:\/\/estudaraqui.wordpress.com\/2016\/02\/26\/comeca-agora-papo-de-medico-2-natascha-silva-sandy\/\" target=\"_blank\" rel=\"noreferrer noopener\"><strong>https:\/\/estudaraqui.wordpress.com\/2016\/02\/26\/comeca-agora-papo-de-medico-2-natascha-silva-sandy\/<\/strong><\/a><\/p>\n\n\n\n<p class=\"has-neve-link-color-color has-text-color\">Em 2011, tive a honra de conhecer Drew Faust em sua visita ao Brasil. Ela foi a primeira mulher a presidir a Harvard. Na ocasi\u00e3o escrevi um texto para o Harvard Gazette (site oficial de not\u00edcias da Harvard University) sobre a colabora\u00e7\u00e3o internacional FMUSP-Harvard (fui aluna desta colabora\u00e7\u00e3o em 2009):&nbsp;<a rel=\"noreferrer noopener\" href=\"http:\/\/news.harvard.edu\/gazette\/story\/2011\/03\/spotlight-on-harvard-in-brazil\/\" target=\"_blank\"><strong>http:\/\/news.harvard.edu\/gazette\/story\/2011\/03\/spotlight-on-harvard-in-brazil\/<\/strong><\/a>&nbsp;.&nbsp;<\/p>\n\n\n\n<p class=\"has-neve-link-color-color has-text-color\">Dessa mesma ocasi\u00e3o, algumas palavras minhas foram publicadas no Estad\u00e3o:&nbsp;<a rel=\"noreferrer noopener\" href=\"http:\/\/www.estadao.com.br\/noticias\/geral,harvard-o-sonho-possivel-imp-,698691\" target=\"_blank\"><strong>http:\/\/www.estadao.com.br\/noticias\/geral,harvard-o-sonho-possivel-imp-,698691<\/strong><\/a><\/p>\n<\/div><\/div>\n<\/div><\/div>\n\n\n\n<p><\/p>\n","protected":false},"excerpt":{"rendered":"","protected":false},"author":1,"featured_media":0,"parent":0,"menu_order":0,"comment_status":"closed","ping_status":"open","template":"","meta":{"neve_meta_sidebar":"","neve_meta_container":"","neve_meta_enable_content_width":"on","neve_meta_content_width":100,"neve_meta_title_alignment":"","neve_meta_author_avatar":"","neve_post_elements_order":"","neve_meta_disable_header":"","neve_meta_disable_footer":"","neve_meta_disable_title":"on","footnotes":""},"class_list":["post-7","page","type-page","status-publish","hentry"],"_links":{"self":[{"href":"https:\/\/gastropednatascha.com\/dra\/index.php\/wp-json\/wp\/v2\/pages\/7","targetHints":{"allow":["GET"]}}],"collection":[{"href":"https:\/\/gastropednatascha.com\/dra\/index.php\/wp-json\/wp\/v2\/pages"}],"about":[{"href":"https:\/\/gastropednatascha.com\/dra\/index.php\/wp-json\/wp\/v2\/types\/page"}],"author":[{"embeddable":true,"href":"https:\/\/gastropednatascha.com\/dra\/index.php\/wp-json\/wp\/v2\/users\/1"}],"replies":[{"embeddable":true,"href":"https:\/\/gastropednatascha.com\/dra\/index.php\/wp-json\/wp\/v2\/comments?post=7"}],"version-history":[{"count":9,"href":"https:\/\/gastropednatascha.com\/dra\/index.php\/wp-json\/wp\/v2\/pages\/7\/revisions"}],"predecessor-version":[{"id":5422,"href":"https:\/\/gastropednatascha.com\/dra\/index.php\/wp-json\/wp\/v2\/pages\/7\/revisions\/5422"}],"wp:attachment":[{"href":"https:\/\/gastropednatascha.com\/dra\/index.php\/wp-json\/wp\/v2\/media?parent=7"}],"curies":[{"name":"wp","href":"https:\/\/api.w.org\/{rel}","templated":true}]}}