{"id":6,"date":"2021-08-19T15:16:01","date_gmt":"2021-08-19T18:16:01","guid":{"rendered":"http:\/\/gastropednatascha.com\/dra\/?page_id=6"},"modified":"2024-08-14T12:04:48","modified_gmt":"2024-08-14T15:04:48","slug":"home","status":"publish","type":"page","link":"https:\/\/gastropednatascha.com\/dra\/","title":{"rendered":"Home"},"content":{"rendered":"\n<div class=\"wp-block-cover alignfull is-light is-repeated\" style=\"min-height:400px;aspect-ratio:unset;\"><span aria-hidden=\"true\" class=\"wp-block-cover__background has-background-dim-0 has-background-dim\"><\/span><div class=\"wp-block-cover__image-background wp-image-43 is-repeated\" style=\"background-position:50% 50%;background-image:url(https:\/\/gastropednatascha.com\/dra\/wp-content\/uploads\/2021\/08\/young-beautiful-doctor-is-wearing-mask-while-making-stop-hand-on-white-wall-2-scaled.jpg)\"><\/div><div class=\"wp-block-cover__inner-container is-layout-flow wp-block-cover-is-layout-flow\">\n<div style=\"height:80px\" aria-hidden=\"true\" class=\"wp-block-spacer\"><\/div>\n\n\n\n<h1 class=\"wp-block-heading alignfull has-text-align-center has-text-color has-huge-font-size\" style=\"color:#121212\">Gastroenterologia e Hepatologia Pedi\u00e1tricas<\/h1>\n\n\n\n<p class=\"has-text-align-center has-text-color\" style=\"color:#121212;font-size:17px\">Dra. Natascha Silva Sandy<br>CRM 150.860<\/p>\n\n\n\n<div class=\"wp-block-buttons is-horizontal is-content-justification-center is-layout-flex wp-container-core-buttons-is-layout-499968f5 wp-block-buttons-is-layout-flex\"><\/div>\n<\/div><\/div>\n\n\n\n<div style=\"height:5px\" aria-hidden=\"true\" class=\"wp-block-spacer\"><\/div>\n\n\n\n<div class=\"wp-block-cover alignfull\" style=\"min-height:518px;aspect-ratio:unset;\" id=\"Formacao\"><span aria-hidden=\"true\" class=\"wp-block-cover__background has-background-dim-100 has-background-dim\" style=\"background-color:#17365d\"><\/span><div class=\"wp-block-cover__inner-container is-layout-flow wp-block-cover-is-layout-flow\">\n<div class=\"wp-block-group\"><div class=\"wp-block-group__inner-container is-layout-flow wp-block-group-is-layout-flow\">\n<div class=\"wp-block-columns are-vertically-aligned-center is-layout-flex wp-container-core-columns-is-layout-9d6595d7 wp-block-columns-is-layout-flex\">\n<div class=\"wp-block-column is-vertically-aligned-center is-layout-flow wp-block-column-is-layout-flow\" style=\"flex-basis:50%\">\n<p class=\"has-text-align-center has-nv-site-bg-color has-text-color has-large-font-size\"><strong>Forma\u00e7\u00e3o<\/strong> <strong>e Atua\u00e7\u00e3o<\/strong><\/p>\n\n\n<div class=\"wp-block-image\">\n<figure class=\"aligncenter size-full is-resized\"><img decoding=\"async\" src=\"https:\/\/gastropednatascha.com\/dra\/wp-content\/uploads\/2022\/05\/Dra-Nat.jpeg\" alt=\"\" class=\"wp-image-365\" style=\"width:428px;height:541px\"\/><\/figure><\/div><\/div>\n\n\n\n<div class=\"wp-block-column is-vertically-aligned-center is-layout-flow wp-block-column-is-layout-flow\" style=\"flex-basis:50%\">\n<p><\/p>\n\n\n\n<p class=\"texto-justificado has-nv-site-bg-color has-text-color\"><\/p>\n\n\n\n<p>Gradua\u00e7\u00e3o em Medicina e Resid\u00eancia de Pediatria pela Faculdade de Medicina da Universidade de S\u00e3o Paulo (FMUSP); resid\u00eancia em gastroenterologia pedi\u00e1trica na Universidade de Campinas (Unicamp); e especializa\u00e7\u00e3o cl\u00ednica em Gastroenterologia, Hepatologia e Nutri\u00e7\u00e3o Pedi\u00e1tricas pelo Hospital for Sick Children \u2013 Universidade de Toronto.<\/p>\n\n\n\n<p>T\u00edtulo de Especialista em Pediatria e Certificado de \u00c1rea de Atua\u00e7\u00e3o em Gastroenterologia Pedi\u00e1trica pela Associa\u00e7\u00e3o M\u00e9dica Brasileira. Tem diploma m\u00e9dico validado pelo United States Medical Licensing Examination (USMLE) \/ Educational Commission For Foreign Medical Graduates (ECFMG). Doutorado em Pediatria pela Universidade de S\u00e3o Paulo<\/p>\n\n\n\n<p>Expertise em Gastroenterologia e Hepatologia Pedi\u00e1tricas, com foco em Doen\u00e7a Inflamat\u00f3ria Intestinal Pedi\u00e1trica, Hepatologia Pedi\u00e1trica e Reabilita\u00e7\u00e3o Intestinal.<\/p>\n\n\n\n<p>Atualmente \u00e9 Docente respons\u00e1vel pelo M\u00f3dulo de Hepatologia e Coordenadora da P\u00f3s-gradua\u00e7\u00e3o em Gastroenterologia Pedi\u00e1trica no Albert Einstein Instituto Israelita de Ensino e Pesquisa, e M\u00e9dica da Equipe de Reabilita\u00e7\u00e3o Intestinal do Hospital Infantil Sabar\u00e1.<\/p>\n\n\n\n<p>Tem experi\u00eancia em pesquisa cl\u00ednica, com 30 artigos publicados.<\/p>\n\n\n\n<p class=\"has-neve-link-hover-color-color has-text-color has-link-color wp-elements-de76a51c51cec30e373d69fcd48d9965\">Curr\u00edculo acad\u00eamico dispon\u00edvel na Plataforma Lattes em<br><a href=\"http:\/\/lattes.cnpq.br\/3378439234929020\">http:\/\/lattes.cnpq.br\/3378439234929020<\/a><\/p>\n<\/div>\n<\/div>\n<\/div><\/div>\n\n\n<\/div><\/div>\n\n\n\n<div class=\"wp-block-cover alignfull\" style=\"min-height:578px;aspect-ratio:unset;\"><span aria-hidden=\"true\" class=\"wp-block-cover__background has-nv-site-bg-background-color has-background-dim-100 has-background-dim\"><\/span><div class=\"wp-block-cover__inner-container is-layout-flow wp-block-cover-is-layout-flow\">\n<div class=\"wp-block-group\"><div class=\"wp-block-group__inner-container is-layout-flow wp-block-group-is-layout-flow\">\n<div class=\"wp-block-columns are-vertically-aligned-center is-layout-flex wp-container-core-columns-is-layout-9d6595d7 wp-block-columns-is-layout-flex\">\n<div class=\"wp-block-column is-vertically-aligned-center is-layout-flow wp-block-column-is-layout-flow\" style=\"flex-basis:50%\">\n<p><\/p>\n\n\n\n<p class=\"texto-justificado has-neve-link-color-color has-text-color\">Tenho interesse especial em S\u00edndrome do Intestino Curto e Fal\u00eancia Intestinal, assim como em Doen\u00e7a Inflamat\u00f3ria Intestinal em crian\u00e7as e adolescentes, e por isso durante meu treinamento na Universidade de Toronto, dediquei grande tempo ao estudo dessas entidades. <\/p>\n\n\n\n<p class=\"texto-justificado has-neve-link-color-color has-text-color\">O \u201cHospital for Sick Chidren\u201d \u00e9 internacionalmente conhecido pelos seus programas de Reabilita\u00e7\u00e3o Intestinal e de Doen\u00e7as Inflamat\u00f3rias Intestinais \u2013 trata-se dos principais programas no mundo nessa \u00e1rea \u2013 e durante, meus tr\u00eas anos de especializa\u00e7\u00e3o cl\u00ednica neste Hospital, tive a oportunidade de me aprofundar no aprendizado dos cuidados nessas doen\u00e7as.<\/p>\n\n\n\n<p class=\"texto-justificado has-neve-link-color-color has-text-color\">Al\u00e9m disso atendo um grande escopo de queixas cl\u00ednicas dentro das especialidades de Gastroenterologia e Hepatologia Pedi\u00e1tricas.<\/p>\n<\/div>\n\n\n\n<div class=\"wp-block-column is-vertically-aligned-center is-layout-flow wp-block-column-is-layout-flow\" style=\"flex-basis:50%\">\n<h2 class=\"wp-block-heading has-text-align-center has-neve-text-color-color has-text-color has-large-font-size\" id=\"Atuacao\">Interesses Especiais<\/h2>\n\n\n<div class=\"wp-block-image\">\n<figure class=\"aligncenter size-full is-resized\"><img loading=\"lazy\" decoding=\"async\" width=\"685\" height=\"531\" src=\"https:\/\/gastropednatascha.com\/dra\/wp-content\/uploads\/2021\/08\/Intestino-Lupa.jpg\" alt=\"\" class=\"wp-image-78\" style=\"width:504px;height:391px\" srcset=\"https:\/\/gastropednatascha.com\/dra\/wp-content\/uploads\/2021\/08\/Intestino-Lupa.jpg 685w, https:\/\/gastropednatascha.com\/dra\/wp-content\/uploads\/2021\/08\/Intestino-Lupa-300x233.jpg 300w\" sizes=\"auto, (max-width: 685px) 100vw, 685px\" \/><\/figure><\/div><\/div>\n<\/div>\n<\/div><\/div>\n<\/div><\/div>\n\n\n\n<div class=\"wp-block-cover alignfull\" style=\"min-height:819px;aspect-ratio:unset;\"><span aria-hidden=\"true\" class=\"wp-block-cover__background has-background-dim-100 has-background-dim\" style=\"background-color:#17365d\"><\/span><div class=\"wp-block-cover__inner-container is-layout-flow wp-block-cover-is-layout-flow\">\n<div class=\"wp-block-group\"><div class=\"wp-block-group__inner-container is-layout-flow wp-block-group-is-layout-flow\">\n<div class=\"wp-block-columns are-vertically-aligned-center is-layout-flex wp-container-core-columns-is-layout-9d6595d7 wp-block-columns-is-layout-flex\">\n<div class=\"wp-block-column is-vertically-aligned-center is-layout-flow wp-block-column-is-layout-flow\" style=\"flex-basis:50%\">\n<h2 class=\"wp-block-heading has-text-align-center has-nv-text-dark-bg-color has-text-color has-large-font-size\" id=\"Especialidades\">\u00c1reas de Atua\u00e7\u00e3o <\/h2>\n\n\n<div class=\"wp-block-image\">\n<figure class=\"aligncenter size-full is-resized\"><img decoding=\"async\" src=\"https:\/\/gastropednatascha.com\/dra\/wp-content\/uploads\/2021\/08\/Icones-3.png\" alt=\"\" class=\"wp-image-250\" style=\"width:439px;height:150px\"\/><\/figure><\/div><\/div>\n\n\n\n<div class=\"wp-block-column is-vertically-aligned-center is-layout-flow wp-block-column-is-layout-flow\" style=\"flex-basis:50%\">\n<p><\/p>\n\n\n\n<p class=\"has-text-align-left texto-justificado has-nv-text-dark-bg-color has-text-color\">A gastroenterologia e hepatologia pedi\u00e1tricas s\u00e3o especialidades m\u00e9dicas respons\u00e1veis por prevenir, diagnosticar e tratar as doen\u00e7as do aparelho gastrointestinal e f\u00edgado da crian\u00e7a.<\/p>\n\n\n\n<p class=\"has-text-align-left has-nv-text-dark-bg-color has-text-color\"> Dentre as doen\u00e7as e problema cuidados na \u00e1rea, est\u00e3o:<\/p>\n\n\n\n<ul class=\"wp-block-list\">\n<li>Refluxo gastroesof\u00e1gico<\/li>\n\n\n\n<li>Alergia alimentares, incluindo Alergia a prote\u00edna do Leite de Vaca<\/li>\n\n\n\n<li>Intoler\u00e2ncias alimentares<\/li>\n\n\n\n<li>Diarreia<\/li>\n\n\n\n<li>Constipa\u00e7\u00e3o intestinal<\/li>\n\n\n\n<li>Dor abdominal<\/li>\n\n\n\n<li>Doen\u00e7as do f\u00edgado (como f\u00edgado gorduroso)<\/li>\n\n\n\n<li>Doen\u00e7as da ves\u00edcula biliar (como c\u00e1lculos ou \u201cpedras\u201d na ves\u00edcula)<\/li>\n\n\n\n<li>Doen\u00e7as do p\u00e2ncreas<\/li>\n\n\n\n<li>Doen\u00e7a Inflamat\u00f3ria Intestinal<\/li>\n\n\n\n<li>S\u00edndrome do Intestino Curto e Fal\u00eancia Intestinal<\/li>\n\n\n\n<li>entre outras.<\/li>\n<\/ul>\n<\/div>\n<\/div>\n\n\n\n<p><\/p>\n<\/div><\/div>\n<\/div><\/div>\n\n\n\n<div class=\"wp-block-cover alignfull\" style=\"min-height:752px;aspect-ratio:unset;\"><span aria-hidden=\"true\" class=\"wp-block-cover__background has-nv-text-dark-bg-background-color has-background-dim-100 has-background-dim\"><\/span><div class=\"wp-block-cover__inner-container is-layout-flow wp-block-cover-is-layout-flow\">\n<div class=\"wp-block-group\"><div class=\"wp-block-group__inner-container is-layout-flow wp-block-group-is-layout-flow\">\n<div class=\"wp-block-columns are-vertically-aligned-center is-layout-flex wp-container-core-columns-is-layout-9d6595d7 wp-block-columns-is-layout-flex\">\n<div class=\"wp-block-column is-vertically-aligned-center is-layout-flow wp-block-column-is-layout-flow\" style=\"flex-basis:50%\">\n<p><\/p>\n\n\n\n<p class=\"texto-justificado has-neve-link-color-color has-text-color\">Atendimento por telemedicina pode ser mais r\u00e1pido e conveniente para os pacientes. <\/p>\n\n\n\n<p class=\"texto-justificado has-neve-link-color-color has-text-color\">Com a nova realidade da medicina, e possuindo extensa pr\u00e1tica com atendimentos remotos durante treinamento no exterior, ofere\u00e7o atendimentos por telemedicina desde a primeira consulta. <\/p>\n\n\n\n<p class=\"texto-justificado has-neve-link-color-color has-text-color\">E n\u00e3o se preocupe, sempre que indicado, o atendimento seguinte pode ser agendado em at\u00e9 30 dias presencialmente (em S\u00e3o Paulo) como retorno sem custos adicionais. <\/p>\n\n\n\n<p class=\"texto-justificado has-neve-link-color-color has-text-color\">Numa \u00e1rea t\u00e3o especializada, a consulta particular com dura\u00e7\u00e3o de 45 a 60 minutos permite oferecer um atendimento de excel\u00eancia, e minhas consultas prezam por conhecer a fundo a hist\u00f3ria e sintomatologia do paciente, oferecendo os melhores tratamentos individualizados, com preceitos da decis\u00e3o compartilhada com o paciente (quando cab\u00edvel) e com a fam\u00edlia, e baseados nos mais atuais conhecimentos da Gastroenterologia e Hepatologia Pedi\u00e1tricas.<\/p>\n\n\n\n<p class=\"has-text-align-center has-neve-link-color-color has-text-color has-medium-font-size\"><\/p>\n\n\n\n<div class=\"wp-block-buttons is-horizontal is-content-justification-center is-layout-flex wp-container-core-buttons-is-layout-499968f5 wp-block-buttons-is-layout-flex\"><\/div>\n<\/div>\n\n\n\n<div class=\"wp-block-column is-vertically-aligned-center is-layout-flow wp-block-column-is-layout-flow\" style=\"flex-basis:50%\">\n<h2 class=\"wp-block-heading has-text-align-center has-neve-text-color-color has-text-color has-large-font-size\" id=\"Telemedicina\">Telemedicina<\/h2>\n\n\n<div class=\"wp-block-image\">\n<figure class=\"aligncenter size-full is-resized\"><img loading=\"lazy\" decoding=\"async\" width=\"886\" height=\"886\" src=\"https:\/\/gastropednatascha.com\/dra\/wp-content\/uploads\/2021\/08\/Imagem-Tele-Medicina.jpg\" alt=\"\" class=\"wp-image-133\" style=\"width:461px;height:461px\" srcset=\"https:\/\/gastropednatascha.com\/dra\/wp-content\/uploads\/2021\/08\/Imagem-Tele-Medicina.jpg 886w, https:\/\/gastropednatascha.com\/dra\/wp-content\/uploads\/2021\/08\/Imagem-Tele-Medicina-300x300.jpg 300w, https:\/\/gastropednatascha.com\/dra\/wp-content\/uploads\/2021\/08\/Imagem-Tele-Medicina-150x150.jpg 150w, https:\/\/gastropednatascha.com\/dra\/wp-content\/uploads\/2021\/08\/Imagem-Tele-Medicina-768x768.jpg 768w\" sizes=\"auto, (max-width: 886px) 100vw, 886px\" \/><\/figure><\/div><\/div>\n<\/div>\n<\/div><\/div>\n<\/div><\/div>\n\n\n\n<div class=\"wp-block-cover alignfull\" style=\"min-height:400px;aspect-ratio:unset;\" id=\"Endereco\"><span aria-hidden=\"true\" class=\"wp-block-cover__background has-background-dim-100 has-background-dim\" style=\"background-color:#17365d\"><\/span><div class=\"wp-block-cover__inner-container is-layout-flow wp-block-cover-is-layout-flow\">\n<h1 class=\"wp-block-heading alignfull has-text-align-center has-nv-text-dark-bg-color has-text-color has-huge-font-size\"> <\/h1>\n\n\n\n<h1 class=\"wp-block-heading alignfull has-text-align-center has-nv-text-dark-bg-color has-text-color has-huge-font-size\"><strong>Clinica Levy<\/strong> <\/h1>\n\n\n\n<p style=\"text-align: center;\"><span style=\"color: #ffffff;\"><strong>Local de atendimento presencial em S\u00e3o Paulo<\/strong><\/span><\/p>\n\n\n\n<p class=\"has-text-align-center has-nv-text-dark-bg-color has-text-color has-background\" style=\"background-color:#326bb2\">Avenida Ang\u00e9lica, 688 &#8211; <font style=\"vertical-align: inherit;\"><font style=\"vertical-align: inherit;\">13\u00ba andar<\/font><\/font>. Higien\u00f3polis, S\u00e3o Paulo.<br>Whatsapp da cl\u00ednica: (11)99970-0505<br>Tel: (11)4306-2242<\/p>\n\n\n\n<iframe src=\"https:\/\/www.google.com\/maps\/embed?pb=!1m18!1m12!1m3!1d3657.8245402427287!2d-46.65748138440717!3d-23.53881236664649!2m3!1f0!2f0!3f0!3m2!1i1024!2i768!4f13.1!3m3!1m2!1s0x94ce5927cc60a935%3A0x79b483b56164c19e!2sAv.%20Ang%C3%A9lica%2C%20688%20-%20Higien%C3%B3polis%2C%20S%C3%A3o%20Paulo%20-%20SP%2C%2001228-000!5e0!3m2!1spt-BR!2sbr!4v1629727804671!5m2!1spt-BR!2sbr\" width=\"1500\" height=\"300\" style=\"border:0;\" allowfullscreen=\"\" loading=\"lazy\"><\/iframe>\n\n\n\n<div class=\"wp-block-buttons is-horizontal is-content-justification-center is-layout-flex wp-container-core-buttons-is-layout-499968f5 wp-block-buttons-is-layout-flex\"><\/div>\n<\/div><\/div>\n\n\n","protected":false},"excerpt":{"rendered":"","protected":false},"author":1,"featured_media":0,"parent":0,"menu_order":0,"comment_status":"closed","ping_status":"open","template":"","meta":{"neve_meta_sidebar":"","neve_meta_container":"","neve_meta_enable_content_width":"on","neve_meta_content_width":100,"neve_meta_title_alignment":"","neve_meta_author_avatar":"","neve_post_elements_order":"","neve_meta_disable_header":"","neve_meta_disable_footer":"","neve_meta_disable_title":"on","footnotes":""},"class_list":["post-6","page","type-page","status-publish","hentry"],"_links":{"self":[{"href":"https:\/\/gastropednatascha.com\/dra\/index.php\/wp-json\/wp\/v2\/pages\/6","targetHints":{"allow":["GET"]}}],"collection":[{"href":"https:\/\/gastropednatascha.com\/dra\/index.php\/wp-json\/wp\/v2\/pages"}],"about":[{"href":"https:\/\/gastropednatascha.com\/dra\/index.php\/wp-json\/wp\/v2\/types\/page"}],"author":[{"embeddable":true,"href":"https:\/\/gastropednatascha.com\/dra\/index.php\/wp-json\/wp\/v2\/users\/1"}],"replies":[{"embeddable":true,"href":"https:\/\/gastropednatascha.com\/dra\/index.php\/wp-json\/wp\/v2\/comments?post=6"}],"version-history":[{"count":102,"href":"https:\/\/gastropednatascha.com\/dra\/index.php\/wp-json\/wp\/v2\/pages\/6\/revisions"}],"predecessor-version":[{"id":4943,"href":"https:\/\/gastropednatascha.com\/dra\/index.php\/wp-json\/wp\/v2\/pages\/6\/revisions\/4943"}],"wp:attachment":[{"href":"https:\/\/gastropednatascha.com\/dra\/index.php\/wp-json\/wp\/v2\/media?parent=6"}],"curies":[{"name":"wp","href":"https:\/\/api.w.org\/{rel}","templated":true}]}}